{"id":28,"date":"2022-10-06T05:21:39","date_gmt":"2022-10-06T05:21:39","guid":{"rendered":"http:\/\/kardessanboya.com.tr\/?page_id=28"},"modified":"2022-10-10T16:29:53","modified_gmt":"2022-10-10T16:29:53","slug":"iletisim","status":"publish","type":"page","link":"https:\/\/kardessanboya.com.tr\/index.php\/iletisim\/","title":{"rendered":"\u0130leti\u015fim"},"content":{"rendered":"\n<div class=\"wp-block-columns is-layout-flex wp-container-core-columns-is-layout-28f84493 wp-block-columns-is-layout-flex\">\n<div class=\"wp-block-column is-layout-flow wp-block-column-is-layout-flow\">\n<iframe src=\"https:\/\/www.google.com\/maps\/embed?pb=!1m18!1m12!1m3!1d3056.7327068080904!2d32.74041191492647!3d39.992078279416745!2m3!1f0!2f0!3f0!3m2!1i1024!2i768!4f13.1!3m3!1m2!1s0x14d3497939757ea7%3A0x2cf6fedf333a2f89!2sKarde%C5%9Fsan%20AYDINLATMA!5e0!3m2!1str!2str!4v1665338162522!5m2!1str!2str\" width=\"800\" height=\"300\" style=\"border:0;\" allowfullscreen=\"\" loading=\"lazy\" referrerpolicy=\"no-referrer-when-downgrade\"><\/iframe>\n<\/div>\n\n\n\n<div class=\"wp-block-column is-layout-flow wp-block-column-is-layout-flow\"><\/div>\n<\/div>\n\n\n\n<div class=\"wp-block-contact-form-7-contact-form-selector\"><div role=\"form\" class=\"wpcf7\" id=\"wpcf7-f141-o1\" lang=\"tr-TR\" dir=\"ltr\">\n<div class=\"screen-reader-response\"><p role=\"status\" aria-live=\"polite\" aria-atomic=\"true\"><\/p> <ul><\/ul><\/div>\n<form action=\"\/index.php\/wp-json\/wp\/v2\/pages\/28#wpcf7-f141-o1\" method=\"post\" class=\"wpcf7-form init\" novalidate=\"novalidate\" data-status=\"init\">\n<div style=\"display: none;\">\n<input type=\"hidden\" name=\"_wpcf7\" value=\"141\" \/>\n<input type=\"hidden\" name=\"_wpcf7_version\" value=\"5.6.3\" \/>\n<input type=\"hidden\" name=\"_wpcf7_locale\" value=\"tr_TR\" \/>\n<input type=\"hidden\" name=\"_wpcf7_unit_tag\" value=\"wpcf7-f141-o1\" \/>\n<input type=\"hidden\" name=\"_wpcf7_container_post\" value=\"0\" \/>\n<input type=\"hidden\" name=\"_wpcf7_posted_data_hash\" value=\"\" \/>\n<\/div>\n<p><label> Ad\u0131n\u0131z<br \/>\n    <span class=\"wpcf7-form-control-wrap\" data-name=\"your-name\"><input type=\"text\" name=\"your-name\" value=\"\" size=\"40\" class=\"wpcf7-form-control wpcf7-text wpcf7-validates-as-required\" aria-required=\"true\" aria-invalid=\"false\" \/><\/span> <\/label><\/p>\n<p><label> E-posta adresiniz<br \/>\n    <span class=\"wpcf7-form-control-wrap\" data-name=\"your-email\"><input type=\"email\" name=\"your-email\" value=\"\" size=\"40\" class=\"wpcf7-form-control wpcf7-text wpcf7-email wpcf7-validates-as-required wpcf7-validates-as-email\" aria-required=\"true\" aria-invalid=\"false\" \/><\/span> <\/label><\/p>\n<p><label> Konu<br \/>\n    <span class=\"wpcf7-form-control-wrap\" data-name=\"your-subject\"><input type=\"text\" name=\"your-subject\" value=\"\" size=\"40\" class=\"wpcf7-form-control wpcf7-text wpcf7-validates-as-required\" aria-required=\"true\" aria-invalid=\"false\" \/><\/span> <\/label><\/p>\n<p><label> \u0130letiniz (tercihe ba\u011fl\u0131)<br \/>\n    <span class=\"wpcf7-form-control-wrap\" data-name=\"your-message\"><textarea name=\"your-message\" cols=\"40\" rows=\"10\" class=\"wpcf7-form-control wpcf7-textarea\" aria-invalid=\"false\"><\/textarea><\/span> <\/label><\/p>\n<p><input type=\"submit\" value=\"G\u00f6nder\" class=\"wpcf7-form-control has-spinner wpcf7-submit\" \/><\/p>\n<div class=\"wpcf7-response-output\" aria-hidden=\"true\"><\/div><\/form><\/div><\/div>\n","protected":false},"excerpt":{"rendered":"","protected":false},"author":1,"featured_media":0,"parent":0,"menu_order":0,"comment_status":"closed","ping_status":"closed","template":"","meta":{"footnotes":""},"class_list":["post-28","page","type-page","status-publish","hentry"],"yoast_head":"<!-- This site is optimized with the Yoast SEO plugin v19.8 - https:\/\/yoast.com\/wordpress\/plugins\/seo\/ -->\n<title>\u0130leti\u015fim - Karde\u015fsan Elektrostatik Boya<\/title>\n<meta name=\"robots\" content=\"index, follow, max-snippet:-1, max-image-preview:large, max-video-preview:-1\" \/>\n<link rel=\"canonical\" href=\"https:\/\/kardessanboya.com.tr\/index.php\/iletisim\/\" \/>\n<meta property=\"og:locale\" content=\"tr_TR\" \/>\n<meta property=\"og:type\" content=\"article\" \/>\n<meta property=\"og:title\" content=\"\u0130leti\u015fim - Karde\u015fsan Elektrostatik Boya\" \/>\n<meta property=\"og:url\" content=\"https:\/\/kardessanboya.com.tr\/index.php\/iletisim\/\" \/>\n<meta property=\"og:site_name\" content=\"Karde\u015fsan Elektrostatik Boya\" \/>\n<meta property=\"article:modified_time\" content=\"2022-10-10T16:29:53+00:00\" \/>\n<meta name=\"twitter:card\" content=\"summary_large_image\" \/>\n<script type=\"application\/ld+json\" class=\"yoast-schema-graph\">{\"@context\":\"https:\/\/schema.org\",\"@graph\":[{\"@type\":\"WebPage\",\"@id\":\"https:\/\/kardessanboya.com.tr\/index.php\/iletisim\/\",\"url\":\"https:\/\/kardessanboya.com.tr\/index.php\/iletisim\/\",\"name\":\"\u0130leti\u015fim - Karde\u015fsan Elektrostatik Boya\",\"isPartOf\":{\"@id\":\"https:\/\/kardessanboya.com.tr\/#website\"},\"datePublished\":\"2022-10-06T05:21:39+00:00\",\"dateModified\":\"2022-10-10T16:29:53+00:00\",\"breadcrumb\":{\"@id\":\"https:\/\/kardessanboya.com.tr\/index.php\/iletisim\/#breadcrumb\"},\"inLanguage\":\"tr\",\"potentialAction\":[{\"@type\":\"ReadAction\",\"target\":[\"https:\/\/kardessanboya.com.tr\/index.php\/iletisim\/\"]}]},{\"@type\":\"BreadcrumbList\",\"@id\":\"https:\/\/kardessanboya.com.tr\/index.php\/iletisim\/#breadcrumb\",\"itemListElement\":[{\"@type\":\"ListItem\",\"position\":1,\"name\":\"Anasayfa\",\"item\":\"https:\/\/kardessanboya.com.tr\/\"},{\"@type\":\"ListItem\",\"position\":2,\"name\":\"\u0130leti\u015fim\"}]},{\"@type\":\"WebSite\",\"@id\":\"https:\/\/kardessanboya.com.tr\/#website\",\"url\":\"https:\/\/kardessanboya.com.tr\/\",\"name\":\"Karde\u015fsan Elektrostatik Boya\",\"description\":\"Boyahane\",\"publisher\":{\"@id\":\"https:\/\/kardessanboya.com.tr\/#organization\"},\"potentialAction\":[{\"@type\":\"SearchAction\",\"target\":{\"@type\":\"EntryPoint\",\"urlTemplate\":\"https:\/\/kardessanboya.com.tr\/?s={search_term_string}\"},\"query-input\":\"required name=search_term_string\"}],\"inLanguage\":\"tr\"},{\"@type\":\"Organization\",\"@id\":\"https:\/\/kardessanboya.com.tr\/#organization\",\"name\":\"Karde\u015fsan Elektrostatik Boya\",\"url\":\"https:\/\/kardessanboya.com.tr\/\",\"sameAs\":[],\"logo\":{\"@type\":\"ImageObject\",\"inLanguage\":\"tr\",\"@id\":\"https:\/\/kardessanboya.com.tr\/#\/schema\/logo\/image\/\",\"url\":\"http:\/\/kardessanboya.com.tr\/wp-content\/uploads\/2022\/10\/Kardessan-1.png\",\"contentUrl\":\"http:\/\/kardessanboya.com.tr\/wp-content\/uploads\/2022\/10\/Kardessan-1.png\",\"width\":135,\"height\":132,\"caption\":\"Karde\u015fsan Elektrostatik Boya\"},\"image\":{\"@id\":\"https:\/\/kardessanboya.com.tr\/#\/schema\/logo\/image\/\"}}]}<\/script>\n<!-- \/ Yoast SEO plugin. -->","yoast_head_json":{"title":"\u0130leti\u015fim - Karde\u015fsan Elektrostatik Boya","robots":{"index":"index","follow":"follow","max-snippet":"max-snippet:-1","max-image-preview":"max-image-preview:large","max-video-preview":"max-video-preview:-1"},"canonical":"https:\/\/kardessanboya.com.tr\/index.php\/iletisim\/","og_locale":"tr_TR","og_type":"article","og_title":"\u0130leti\u015fim - Karde\u015fsan Elektrostatik Boya","og_url":"https:\/\/kardessanboya.com.tr\/index.php\/iletisim\/","og_site_name":"Karde\u015fsan Elektrostatik Boya","article_modified_time":"2022-10-10T16:29:53+00:00","twitter_card":"summary_large_image","schema":{"@context":"https:\/\/schema.org","@graph":[{"@type":"WebPage","@id":"https:\/\/kardessanboya.com.tr\/index.php\/iletisim\/","url":"https:\/\/kardessanboya.com.tr\/index.php\/iletisim\/","name":"\u0130leti\u015fim - Karde\u015fsan Elektrostatik Boya","isPartOf":{"@id":"https:\/\/kardessanboya.com.tr\/#website"},"datePublished":"2022-10-06T05:21:39+00:00","dateModified":"2022-10-10T16:29:53+00:00","breadcrumb":{"@id":"https:\/\/kardessanboya.com.tr\/index.php\/iletisim\/#breadcrumb"},"inLanguage":"tr","potentialAction":[{"@type":"ReadAction","target":["https:\/\/kardessanboya.com.tr\/index.php\/iletisim\/"]}]},{"@type":"BreadcrumbList","@id":"https:\/\/kardessanboya.com.tr\/index.php\/iletisim\/#breadcrumb","itemListElement":[{"@type":"ListItem","position":1,"name":"Anasayfa","item":"https:\/\/kardessanboya.com.tr\/"},{"@type":"ListItem","position":2,"name":"\u0130leti\u015fim"}]},{"@type":"WebSite","@id":"https:\/\/kardessanboya.com.tr\/#website","url":"https:\/\/kardessanboya.com.tr\/","name":"Karde\u015fsan Elektrostatik Boya","description":"Boyahane","publisher":{"@id":"https:\/\/kardessanboya.com.tr\/#organization"},"potentialAction":[{"@type":"SearchAction","target":{"@type":"EntryPoint","urlTemplate":"https:\/\/kardessanboya.com.tr\/?s={search_term_string}"},"query-input":"required name=search_term_string"}],"inLanguage":"tr"},{"@type":"Organization","@id":"https:\/\/kardessanboya.com.tr\/#organization","name":"Karde\u015fsan Elektrostatik Boya","url":"https:\/\/kardessanboya.com.tr\/","sameAs":[],"logo":{"@type":"ImageObject","inLanguage":"tr","@id":"https:\/\/kardessanboya.com.tr\/#\/schema\/logo\/image\/","url":"http:\/\/kardessanboya.com.tr\/wp-content\/uploads\/2022\/10\/Kardessan-1.png","contentUrl":"http:\/\/kardessanboya.com.tr\/wp-content\/uploads\/2022\/10\/Kardessan-1.png","width":135,"height":132,"caption":"Karde\u015fsan Elektrostatik Boya"},"image":{"@id":"https:\/\/kardessanboya.com.tr\/#\/schema\/logo\/image\/"}}]}},"_links":{"self":[{"href":"https:\/\/kardessanboya.com.tr\/index.php\/wp-json\/wp\/v2\/pages\/28","targetHints":{"allow":["GET"]}}],"collection":[{"href":"https:\/\/kardessanboya.com.tr\/index.php\/wp-json\/wp\/v2\/pages"}],"about":[{"href":"https:\/\/kardessanboya.com.tr\/index.php\/wp-json\/wp\/v2\/types\/page"}],"author":[{"embeddable":true,"href":"https:\/\/kardessanboya.com.tr\/index.php\/wp-json\/wp\/v2\/users\/1"}],"replies":[{"embeddable":true,"href":"https:\/\/kardessanboya.com.tr\/index.php\/wp-json\/wp\/v2\/comments?post=28"}],"version-history":[{"count":8,"href":"https:\/\/kardessanboya.com.tr\/index.php\/wp-json\/wp\/v2\/pages\/28\/revisions"}],"predecessor-version":[{"id":150,"href":"https:\/\/kardessanboya.com.tr\/index.php\/wp-json\/wp\/v2\/pages\/28\/revisions\/150"}],"wp:attachment":[{"href":"https:\/\/kardessanboya.com.tr\/index.php\/wp-json\/wp\/v2\/media?parent=28"}],"curies":[{"name":"wp","href":"https:\/\/api.w.org\/{rel}","templated":true}]}}