{"id":26,"date":"2022-10-06T05:21:28","date_gmt":"2022-10-06T05:21:28","guid":{"rendered":"http:\/\/kardessanboya.com.tr\/?page_id=26"},"modified":"2022-10-06T06:01:22","modified_gmt":"2022-10-06T06:01:22","slug":"hizmetlerimiz","status":"publish","type":"page","link":"https:\/\/kardessanboya.com.tr\/index.php\/hizmetlerimiz\/","title":{"rendered":"Hizmetlerimiz"},"content":{"rendered":"\n<h6 class=\"wp-block-heading\">lektrostatik Toz Boya<\/h6>\n\n\n\n<p>Elektrostatik Toz Boya 1960\u2019lardan itibaren Avrupa ve Amerika\u2019da kullan\u0131lmaya ba\u015flanm\u0131\u015f, 1980\u2019lerin sonlar\u0131na do\u011fru T\u00fcrkiye\u2019ye gelmi\u015f bir kaplama y\u00f6ntemidir.<\/p>\n\n\n\n<p>Ya\u015f boya uygulamalar\u0131na g\u00f6re \u00e7ok gen\u00e7 olmas\u0131na ra\u011fmen, k\u0131sa s\u00fcrede geni\u015f kullan\u0131m alan\u0131 bulmu\u015f ve \u00fcretilen miktarlar a\u00e7\u0131s\u0131ndan dikkate al\u0131nmaya de\u011fer rakamlara ula\u015fm\u0131\u015ft\u0131r. Bu kaplama y\u00f6ntemi \u00f6zellikle metal y\u00fczeyleri korumakta, dekoratif bir g\u00f6r\u00fcn\u00fcm kazand\u0131rmakta kullan\u0131l\u0131r. Ayr\u0131ca, son y\u0131llarda yap\u0131lan geli\u015fmeler sonucu cam, seramik, ah\u015fap ve hatta plastik y\u00fczeylerin de kaplanmas\u0131nda Toz Boya teknolojisine ge\u00e7ilmektedir.<\/p>\n\n\n\n<p>\u00c7evresel a\u00e7\u0131dan ve uygulama a\u00e7\u0131s\u0131ndan sa\u011flad\u0131\u011f\u0131 avantajlar Toz Boyay\u0131 kaplama sekt\u00f6r\u00fcn\u00fcn g\u00f6zdesi haline getirmi\u015ftir. Toz Boya elektrostatik g\u00fc\u00e7 ile \u00e7al\u0131\u015fan tabancalar sayesinde tatbik edilir ve ilgili f\u0131r\u0131nlama ko\u015fullar\u0131nda pi\u015firilir. Toz Boya kullan\u0131m\u0131, 1960\u2019lardan itibaren \u00e7ok h\u0131zl\u0131 bir art\u0131\u015f g\u00f6stermi\u015f ve d\u00fcnya \u00e7ap\u0131nda 2019 y\u0131l\u0131nda yakla\u015f\u0131k 2000 kiloton toz boya \u00fcretilmi\u015ftir.<\/p>\n","protected":false},"excerpt":{"rendered":"<p>lektrostatik Toz Boya Elektrostatik Toz Boya 1960\u2019lardan itibaren Avrupa ve Amerika\u2019da kullan\u0131lmaya ba\u015flanm\u0131\u015f, 1980\u2019lerin sonlar\u0131na [&hellip;]<\/p>\n","protected":false},"author":1,"featured_media":0,"parent":0,"menu_order":0,"comment_status":"closed","ping_status":"closed","template":"","meta":{"footnotes":""},"class_list":["post-26","page","type-page","status-publish","hentry"],"yoast_head":"<!-- This site is optimized with the Yoast SEO plugin v19.8 - https:\/\/yoast.com\/wordpress\/plugins\/seo\/ -->\n<title>Hizmetlerimiz - Karde\u015fsan Elektrostatik Boya<\/title>\n<meta name=\"robots\" content=\"index, follow, max-snippet:-1, max-image-preview:large, max-video-preview:-1\" \/>\n<link rel=\"canonical\" href=\"https:\/\/kardessanboya.com.tr\/index.php\/hizmetlerimiz\/\" \/>\n<meta property=\"og:locale\" content=\"tr_TR\" \/>\n<meta property=\"og:type\" content=\"article\" \/>\n<meta property=\"og:title\" content=\"Hizmetlerimiz - Karde\u015fsan Elektrostatik Boya\" \/>\n<meta property=\"og:description\" content=\"lektrostatik Toz Boya Elektrostatik Toz Boya 1960\u2019lardan itibaren Avrupa ve Amerika\u2019da kullan\u0131lmaya ba\u015flanm\u0131\u015f, 1980\u2019lerin sonlar\u0131na [&hellip;]\" \/>\n<meta property=\"og:url\" content=\"https:\/\/kardessanboya.com.tr\/index.php\/hizmetlerimiz\/\" \/>\n<meta property=\"og:site_name\" content=\"Karde\u015fsan Elektrostatik Boya\" \/>\n<meta property=\"article:modified_time\" content=\"2022-10-06T06:01:22+00:00\" \/>\n<meta name=\"twitter:card\" content=\"summary_large_image\" \/>\n<meta name=\"twitter:label1\" content=\"Tahmini okuma s\u00fcresi\" \/>\n\t<meta name=\"twitter:data1\" content=\"1 dakika\" \/>\n<script type=\"application\/ld+json\" class=\"yoast-schema-graph\">{\"@context\":\"https:\/\/schema.org\",\"@graph\":[{\"@type\":\"WebPage\",\"@id\":\"https:\/\/kardessanboya.com.tr\/index.php\/hizmetlerimiz\/\",\"url\":\"https:\/\/kardessanboya.com.tr\/index.php\/hizmetlerimiz\/\",\"name\":\"Hizmetlerimiz - Karde\u015fsan Elektrostatik Boya\",\"isPartOf\":{\"@id\":\"https:\/\/kardessanboya.com.tr\/#website\"},\"datePublished\":\"2022-10-06T05:21:28+00:00\",\"dateModified\":\"2022-10-06T06:01:22+00:00\",\"breadcrumb\":{\"@id\":\"https:\/\/kardessanboya.com.tr\/index.php\/hizmetlerimiz\/#breadcrumb\"},\"inLanguage\":\"tr\",\"potentialAction\":[{\"@type\":\"ReadAction\",\"target\":[\"https:\/\/kardessanboya.com.tr\/index.php\/hizmetlerimiz\/\"]}]},{\"@type\":\"BreadcrumbList\",\"@id\":\"https:\/\/kardessanboya.com.tr\/index.php\/hizmetlerimiz\/#breadcrumb\",\"itemListElement\":[{\"@type\":\"ListItem\",\"position\":1,\"name\":\"Anasayfa\",\"item\":\"https:\/\/kardessanboya.com.tr\/\"},{\"@type\":\"ListItem\",\"position\":2,\"name\":\"Hizmetlerimiz\"}]},{\"@type\":\"WebSite\",\"@id\":\"https:\/\/kardessanboya.com.tr\/#website\",\"url\":\"https:\/\/kardessanboya.com.tr\/\",\"name\":\"Karde\u015fsan Elektrostatik Boya\",\"description\":\"Boyahane\",\"publisher\":{\"@id\":\"https:\/\/kardessanboya.com.tr\/#organization\"},\"potentialAction\":[{\"@type\":\"SearchAction\",\"target\":{\"@type\":\"EntryPoint\",\"urlTemplate\":\"https:\/\/kardessanboya.com.tr\/?s={search_term_string}\"},\"query-input\":\"required name=search_term_string\"}],\"inLanguage\":\"tr\"},{\"@type\":\"Organization\",\"@id\":\"https:\/\/kardessanboya.com.tr\/#organization\",\"name\":\"Karde\u015fsan Elektrostatik Boya\",\"url\":\"https:\/\/kardessanboya.com.tr\/\",\"sameAs\":[],\"logo\":{\"@type\":\"ImageObject\",\"inLanguage\":\"tr\",\"@id\":\"https:\/\/kardessanboya.com.tr\/#\/schema\/logo\/image\/\",\"url\":\"http:\/\/kardessanboya.com.tr\/wp-content\/uploads\/2022\/10\/Kardessan-1.png\",\"contentUrl\":\"http:\/\/kardessanboya.com.tr\/wp-content\/uploads\/2022\/10\/Kardessan-1.png\",\"width\":135,\"height\":132,\"caption\":\"Karde\u015fsan Elektrostatik Boya\"},\"image\":{\"@id\":\"https:\/\/kardessanboya.com.tr\/#\/schema\/logo\/image\/\"}}]}<\/script>\n<!-- \/ Yoast SEO plugin. -->","yoast_head_json":{"title":"Hizmetlerimiz - Karde\u015fsan Elektrostatik Boya","robots":{"index":"index","follow":"follow","max-snippet":"max-snippet:-1","max-image-preview":"max-image-preview:large","max-video-preview":"max-video-preview:-1"},"canonical":"https:\/\/kardessanboya.com.tr\/index.php\/hizmetlerimiz\/","og_locale":"tr_TR","og_type":"article","og_title":"Hizmetlerimiz - Karde\u015fsan Elektrostatik Boya","og_description":"lektrostatik Toz Boya Elektrostatik Toz Boya 1960\u2019lardan itibaren Avrupa ve Amerika\u2019da kullan\u0131lmaya ba\u015flanm\u0131\u015f, 1980\u2019lerin sonlar\u0131na [&hellip;]","og_url":"https:\/\/kardessanboya.com.tr\/index.php\/hizmetlerimiz\/","og_site_name":"Karde\u015fsan Elektrostatik Boya","article_modified_time":"2022-10-06T06:01:22+00:00","twitter_card":"summary_large_image","twitter_misc":{"Tahmini okuma s\u00fcresi":"1 dakika"},"schema":{"@context":"https:\/\/schema.org","@graph":[{"@type":"WebPage","@id":"https:\/\/kardessanboya.com.tr\/index.php\/hizmetlerimiz\/","url":"https:\/\/kardessanboya.com.tr\/index.php\/hizmetlerimiz\/","name":"Hizmetlerimiz - Karde\u015fsan Elektrostatik Boya","isPartOf":{"@id":"https:\/\/kardessanboya.com.tr\/#website"},"datePublished":"2022-10-06T05:21:28+00:00","dateModified":"2022-10-06T06:01:22+00:00","breadcrumb":{"@id":"https:\/\/kardessanboya.com.tr\/index.php\/hizmetlerimiz\/#breadcrumb"},"inLanguage":"tr","potentialAction":[{"@type":"ReadAction","target":["https:\/\/kardessanboya.com.tr\/index.php\/hizmetlerimiz\/"]}]},{"@type":"BreadcrumbList","@id":"https:\/\/kardessanboya.com.tr\/index.php\/hizmetlerimiz\/#breadcrumb","itemListElement":[{"@type":"ListItem","position":1,"name":"Anasayfa","item":"https:\/\/kardessanboya.com.tr\/"},{"@type":"ListItem","position":2,"name":"Hizmetlerimiz"}]},{"@type":"WebSite","@id":"https:\/\/kardessanboya.com.tr\/#website","url":"https:\/\/kardessanboya.com.tr\/","name":"Karde\u015fsan Elektrostatik Boya","description":"Boyahane","publisher":{"@id":"https:\/\/kardessanboya.com.tr\/#organization"},"potentialAction":[{"@type":"SearchAction","target":{"@type":"EntryPoint","urlTemplate":"https:\/\/kardessanboya.com.tr\/?s={search_term_string}"},"query-input":"required name=search_term_string"}],"inLanguage":"tr"},{"@type":"Organization","@id":"https:\/\/kardessanboya.com.tr\/#organization","name":"Karde\u015fsan Elektrostatik Boya","url":"https:\/\/kardessanboya.com.tr\/","sameAs":[],"logo":{"@type":"ImageObject","inLanguage":"tr","@id":"https:\/\/kardessanboya.com.tr\/#\/schema\/logo\/image\/","url":"http:\/\/kardessanboya.com.tr\/wp-content\/uploads\/2022\/10\/Kardessan-1.png","contentUrl":"http:\/\/kardessanboya.com.tr\/wp-content\/uploads\/2022\/10\/Kardessan-1.png","width":135,"height":132,"caption":"Karde\u015fsan Elektrostatik Boya"},"image":{"@id":"https:\/\/kardessanboya.com.tr\/#\/schema\/logo\/image\/"}}]}},"_links":{"self":[{"href":"https:\/\/kardessanboya.com.tr\/index.php\/wp-json\/wp\/v2\/pages\/26","targetHints":{"allow":["GET"]}}],"collection":[{"href":"https:\/\/kardessanboya.com.tr\/index.php\/wp-json\/wp\/v2\/pages"}],"about":[{"href":"https:\/\/kardessanboya.com.tr\/index.php\/wp-json\/wp\/v2\/types\/page"}],"author":[{"embeddable":true,"href":"https:\/\/kardessanboya.com.tr\/index.php\/wp-json\/wp\/v2\/users\/1"}],"replies":[{"embeddable":true,"href":"https:\/\/kardessanboya.com.tr\/index.php\/wp-json\/wp\/v2\/comments?post=26"}],"version-history":[{"count":2,"href":"https:\/\/kardessanboya.com.tr\/index.php\/wp-json\/wp\/v2\/pages\/26\/revisions"}],"predecessor-version":[{"id":40,"href":"https:\/\/kardessanboya.com.tr\/index.php\/wp-json\/wp\/v2\/pages\/26\/revisions\/40"}],"wp:attachment":[{"href":"https:\/\/kardessanboya.com.tr\/index.php\/wp-json\/wp\/v2\/media?parent=26"}],"curies":[{"name":"wp","href":"https:\/\/api.w.org\/{rel}","templated":true}]}}