{"id":24,"date":"2022-10-06T05:21:13","date_gmt":"2022-10-06T05:21:13","guid":{"rendered":"http:\/\/kardessanboya.com.tr\/?page_id=24"},"modified":"2022-10-10T15:48:46","modified_gmt":"2022-10-10T15:48:46","slug":"hakkimizda","status":"publish","type":"page","link":"https:\/\/kardessanboya.com.tr\/index.php\/hakkimizda\/","title":{"rendered":"Hakk\u0131m\u0131zda"},"content":{"rendered":"\n<p>\u00c7eyrek asr\u0131 a\u015fk\u0131n elektrostatik toz boya sekt\u00f6rel tecr\u00fcbesi ile kurulan Karde\u015fsan Toz Boya 2013 y\u0131l\u0131ndan bug\u00fcne kadar faaliyette olup, elektrostatik toz boya sekt\u00f6r\u00fcnde k\u0131sa s\u00fcrede y\u00fckselen say\u0131l\u0131 isimlerdendir. Y\u0131llar\u0131n verdi\u011fi elektrostatik toz boya tecr\u00fcbesi ile T\u00fcrkiye genelinde isim yapm\u0131\u015f, ayr\u0131ca k\u00f6kl\u00fc elektrostatik toz boya firmalar\u0131na rakip olan bir niteliktedir. Kullan\u0131lan toz boyalar\u0131m\u0131z ve malzemelerimiz 1. S\u0131n\u0131f elektrostatik toz boya olup siz m\u00fc\u015fterilerimize y\u00fcksek memnuniyet sunabilecek \u00fcr\u00fcnlerdir. \u00d6zel f\u0131r\u0131n \u00f6l\u00e7\u00fclerimiz ile di\u011fer firmalara g\u00f6re daha fazla ve daha h\u0131zl\u0131 \u015fekilde elektrostatik toz boya alan\u0131nda hizmet vermekteyiz.<\/p>\n","protected":false},"excerpt":{"rendered":"<p>\u00c7eyrek asr\u0131 a\u015fk\u0131n elektrostatik toz boya sekt\u00f6rel tecr\u00fcbesi ile kurulan Karde\u015fsan Toz Boya 2013 y\u0131l\u0131ndan [&hellip;]<\/p>\n","protected":false},"author":1,"featured_media":0,"parent":0,"menu_order":0,"comment_status":"closed","ping_status":"closed","template":"","meta":{"footnotes":""},"class_list":["post-24","page","type-page","status-publish","hentry"],"yoast_head":"<!-- This site is optimized with the Yoast SEO plugin v19.8 - https:\/\/yoast.com\/wordpress\/plugins\/seo\/ -->\n<title>Hakk\u0131m\u0131zda - Karde\u015fsan Elektrostatik Boya<\/title>\n<meta name=\"robots\" content=\"index, follow, max-snippet:-1, max-image-preview:large, max-video-preview:-1\" \/>\n<link rel=\"canonical\" href=\"https:\/\/kardessanboya.com.tr\/index.php\/hakkimizda\/\" \/>\n<meta property=\"og:locale\" content=\"tr_TR\" \/>\n<meta property=\"og:type\" content=\"article\" \/>\n<meta property=\"og:title\" content=\"Hakk\u0131m\u0131zda - Karde\u015fsan Elektrostatik Boya\" \/>\n<meta property=\"og:description\" content=\"\u00c7eyrek asr\u0131 a\u015fk\u0131n elektrostatik toz boya sekt\u00f6rel tecr\u00fcbesi ile kurulan Karde\u015fsan Toz Boya 2013 y\u0131l\u0131ndan [&hellip;]\" \/>\n<meta property=\"og:url\" content=\"https:\/\/kardessanboya.com.tr\/index.php\/hakkimizda\/\" \/>\n<meta property=\"og:site_name\" content=\"Karde\u015fsan Elektrostatik Boya\" \/>\n<meta property=\"article:modified_time\" content=\"2022-10-10T15:48:46+00:00\" \/>\n<meta name=\"twitter:card\" content=\"summary_large_image\" \/>\n<meta name=\"twitter:label1\" content=\"Tahmini okuma s\u00fcresi\" \/>\n\t<meta name=\"twitter:data1\" content=\"1 dakika\" \/>\n<script type=\"application\/ld+json\" class=\"yoast-schema-graph\">{\"@context\":\"https:\/\/schema.org\",\"@graph\":[{\"@type\":\"WebPage\",\"@id\":\"https:\/\/kardessanboya.com.tr\/index.php\/hakkimizda\/\",\"url\":\"https:\/\/kardessanboya.com.tr\/index.php\/hakkimizda\/\",\"name\":\"Hakk\u0131m\u0131zda - Karde\u015fsan Elektrostatik Boya\",\"isPartOf\":{\"@id\":\"https:\/\/kardessanboya.com.tr\/#website\"},\"datePublished\":\"2022-10-06T05:21:13+00:00\",\"dateModified\":\"2022-10-10T15:48:46+00:00\",\"breadcrumb\":{\"@id\":\"https:\/\/kardessanboya.com.tr\/index.php\/hakkimizda\/#breadcrumb\"},\"inLanguage\":\"tr\",\"potentialAction\":[{\"@type\":\"ReadAction\",\"target\":[\"https:\/\/kardessanboya.com.tr\/index.php\/hakkimizda\/\"]}]},{\"@type\":\"BreadcrumbList\",\"@id\":\"https:\/\/kardessanboya.com.tr\/index.php\/hakkimizda\/#breadcrumb\",\"itemListElement\":[{\"@type\":\"ListItem\",\"position\":1,\"name\":\"Anasayfa\",\"item\":\"https:\/\/kardessanboya.com.tr\/\"},{\"@type\":\"ListItem\",\"position\":2,\"name\":\"Hakk\u0131m\u0131zda\"}]},{\"@type\":\"WebSite\",\"@id\":\"https:\/\/kardessanboya.com.tr\/#website\",\"url\":\"https:\/\/kardessanboya.com.tr\/\",\"name\":\"Karde\u015fsan Elektrostatik Boya\",\"description\":\"Boyahane\",\"publisher\":{\"@id\":\"https:\/\/kardessanboya.com.tr\/#organization\"},\"potentialAction\":[{\"@type\":\"SearchAction\",\"target\":{\"@type\":\"EntryPoint\",\"urlTemplate\":\"https:\/\/kardessanboya.com.tr\/?s={search_term_string}\"},\"query-input\":\"required name=search_term_string\"}],\"inLanguage\":\"tr\"},{\"@type\":\"Organization\",\"@id\":\"https:\/\/kardessanboya.com.tr\/#organization\",\"name\":\"Karde\u015fsan Elektrostatik Boya\",\"url\":\"https:\/\/kardessanboya.com.tr\/\",\"sameAs\":[],\"logo\":{\"@type\":\"ImageObject\",\"inLanguage\":\"tr\",\"@id\":\"https:\/\/kardessanboya.com.tr\/#\/schema\/logo\/image\/\",\"url\":\"http:\/\/kardessanboya.com.tr\/wp-content\/uploads\/2022\/10\/Kardessan-1.png\",\"contentUrl\":\"http:\/\/kardessanboya.com.tr\/wp-content\/uploads\/2022\/10\/Kardessan-1.png\",\"width\":135,\"height\":132,\"caption\":\"Karde\u015fsan Elektrostatik Boya\"},\"image\":{\"@id\":\"https:\/\/kardessanboya.com.tr\/#\/schema\/logo\/image\/\"}}]}<\/script>\n<!-- \/ Yoast SEO plugin. -->","yoast_head_json":{"title":"Hakk\u0131m\u0131zda - Karde\u015fsan Elektrostatik Boya","robots":{"index":"index","follow":"follow","max-snippet":"max-snippet:-1","max-image-preview":"max-image-preview:large","max-video-preview":"max-video-preview:-1"},"canonical":"https:\/\/kardessanboya.com.tr\/index.php\/hakkimizda\/","og_locale":"tr_TR","og_type":"article","og_title":"Hakk\u0131m\u0131zda - Karde\u015fsan Elektrostatik Boya","og_description":"\u00c7eyrek asr\u0131 a\u015fk\u0131n elektrostatik toz boya sekt\u00f6rel tecr\u00fcbesi ile kurulan Karde\u015fsan Toz Boya 2013 y\u0131l\u0131ndan [&hellip;]","og_url":"https:\/\/kardessanboya.com.tr\/index.php\/hakkimizda\/","og_site_name":"Karde\u015fsan Elektrostatik Boya","article_modified_time":"2022-10-10T15:48:46+00:00","twitter_card":"summary_large_image","twitter_misc":{"Tahmini okuma s\u00fcresi":"1 dakika"},"schema":{"@context":"https:\/\/schema.org","@graph":[{"@type":"WebPage","@id":"https:\/\/kardessanboya.com.tr\/index.php\/hakkimizda\/","url":"https:\/\/kardessanboya.com.tr\/index.php\/hakkimizda\/","name":"Hakk\u0131m\u0131zda - Karde\u015fsan Elektrostatik Boya","isPartOf":{"@id":"https:\/\/kardessanboya.com.tr\/#website"},"datePublished":"2022-10-06T05:21:13+00:00","dateModified":"2022-10-10T15:48:46+00:00","breadcrumb":{"@id":"https:\/\/kardessanboya.com.tr\/index.php\/hakkimizda\/#breadcrumb"},"inLanguage":"tr","potentialAction":[{"@type":"ReadAction","target":["https:\/\/kardessanboya.com.tr\/index.php\/hakkimizda\/"]}]},{"@type":"BreadcrumbList","@id":"https:\/\/kardessanboya.com.tr\/index.php\/hakkimizda\/#breadcrumb","itemListElement":[{"@type":"ListItem","position":1,"name":"Anasayfa","item":"https:\/\/kardessanboya.com.tr\/"},{"@type":"ListItem","position":2,"name":"Hakk\u0131m\u0131zda"}]},{"@type":"WebSite","@id":"https:\/\/kardessanboya.com.tr\/#website","url":"https:\/\/kardessanboya.com.tr\/","name":"Karde\u015fsan Elektrostatik Boya","description":"Boyahane","publisher":{"@id":"https:\/\/kardessanboya.com.tr\/#organization"},"potentialAction":[{"@type":"SearchAction","target":{"@type":"EntryPoint","urlTemplate":"https:\/\/kardessanboya.com.tr\/?s={search_term_string}"},"query-input":"required name=search_term_string"}],"inLanguage":"tr"},{"@type":"Organization","@id":"https:\/\/kardessanboya.com.tr\/#organization","name":"Karde\u015fsan Elektrostatik Boya","url":"https:\/\/kardessanboya.com.tr\/","sameAs":[],"logo":{"@type":"ImageObject","inLanguage":"tr","@id":"https:\/\/kardessanboya.com.tr\/#\/schema\/logo\/image\/","url":"http:\/\/kardessanboya.com.tr\/wp-content\/uploads\/2022\/10\/Kardessan-1.png","contentUrl":"http:\/\/kardessanboya.com.tr\/wp-content\/uploads\/2022\/10\/Kardessan-1.png","width":135,"height":132,"caption":"Karde\u015fsan Elektrostatik Boya"},"image":{"@id":"https:\/\/kardessanboya.com.tr\/#\/schema\/logo\/image\/"}}]}},"_links":{"self":[{"href":"https:\/\/kardessanboya.com.tr\/index.php\/wp-json\/wp\/v2\/pages\/24","targetHints":{"allow":["GET"]}}],"collection":[{"href":"https:\/\/kardessanboya.com.tr\/index.php\/wp-json\/wp\/v2\/pages"}],"about":[{"href":"https:\/\/kardessanboya.com.tr\/index.php\/wp-json\/wp\/v2\/types\/page"}],"author":[{"embeddable":true,"href":"https:\/\/kardessanboya.com.tr\/index.php\/wp-json\/wp\/v2\/users\/1"}],"replies":[{"embeddable":true,"href":"https:\/\/kardessanboya.com.tr\/index.php\/wp-json\/wp\/v2\/comments?post=24"}],"version-history":[{"count":5,"href":"https:\/\/kardessanboya.com.tr\/index.php\/wp-json\/wp\/v2\/pages\/24\/revisions"}],"predecessor-version":[{"id":134,"href":"https:\/\/kardessanboya.com.tr\/index.php\/wp-json\/wp\/v2\/pages\/24\/revisions\/134"}],"wp:attachment":[{"href":"https:\/\/kardessanboya.com.tr\/index.php\/wp-json\/wp\/v2\/media?parent=24"}],"curies":[{"name":"wp","href":"https:\/\/api.w.org\/{rel}","templated":true}]}}