{"id":2,"date":"2022-10-05T20:51:19","date_gmt":"2022-10-05T20:51:19","guid":{"rendered":"http:\/\/kardessanboya.com.tr\/?page_id=2"},"modified":"2023-10-21T15:22:25","modified_gmt":"2023-10-21T15:22:25","slug":"sample-page","status":"publish","type":"page","link":"https:\/\/kardessanboya.com.tr\/index.php\/sample-page\/","title":{"rendered":"Ayd\u0131nlatma \u00dcr\u00fcnlerimiz"},"content":{"rendered":"\n<blockquote class=\"wp-block-quote is-layout-flow wp-block-quote-is-layout-flow\">\n<blockquote class=\"wp-block-quote is-layout-flow wp-block-quote-is-layout-flow\">\n<p><q>On numara firma guleryuzlu durusd \u00e7ok iyi kurum te\u015fek\u00fcrler<\/q><\/p>\n<\/blockquote>\n\n\n\n<p>&#8211; Cihan U<\/p>\n<\/blockquote>\n\n\n\n<figure class=\"wp-block-gallery has-nested-images columns-default is-cropped wp-block-gallery-1 is-layout-flex wp-block-gallery-is-layout-flex\">\n<figure class=\"wp-block-image size-large\"><img loading=\"lazy\" decoding=\"async\" width=\"669\" height=\"385\" data-id=\"183\" src=\"https:\/\/kardessanboya.com.tr\/wp-content\/uploads\/2023\/10\/Maxthon-Yakalama20231021181303.png\" alt=\"\" class=\"wp-image-183\" srcset=\"https:\/\/kardessanboya.com.tr\/wp-content\/uploads\/2023\/10\/Maxthon-Yakalama20231021181303.png 669w, https:\/\/kardessanboya.com.tr\/wp-content\/uploads\/2023\/10\/Maxthon-Yakalama20231021181303-300x173.png 300w\" sizes=\"auto, (max-width: 669px) 100vw, 669px\" \/><\/figure>\n\n\n\n<figure class=\"wp-block-image size-large\"><img loading=\"lazy\" decoding=\"async\" width=\"490\" height=\"478\" data-id=\"184\" src=\"https:\/\/kardessanboya.com.tr\/wp-content\/uploads\/2023\/10\/Maxthon-Yakalama20231021181349.png\" alt=\"\" class=\"wp-image-184\" srcset=\"https:\/\/kardessanboya.com.tr\/wp-content\/uploads\/2023\/10\/Maxthon-Yakalama20231021181349.png 490w, https:\/\/kardessanboya.com.tr\/wp-content\/uploads\/2023\/10\/Maxthon-Yakalama20231021181349-300x293.png 300w\" sizes=\"auto, (max-width: 490px) 100vw, 490px\" \/><\/figure>\n\n\n\n<figure class=\"wp-block-image size-large\"><img loading=\"lazy\" decoding=\"async\" width=\"630\" height=\"419\" data-id=\"185\" src=\"https:\/\/kardessanboya.com.tr\/wp-content\/uploads\/2023\/10\/Maxthon-Yakalama20231021181414.png\" alt=\"\" class=\"wp-image-185\" srcset=\"https:\/\/kardessanboya.com.tr\/wp-content\/uploads\/2023\/10\/Maxthon-Yakalama20231021181414.png 630w, https:\/\/kardessanboya.com.tr\/wp-content\/uploads\/2023\/10\/Maxthon-Yakalama20231021181414-300x200.png 300w\" sizes=\"auto, (max-width: 630px) 100vw, 630px\" \/><\/figure>\n\n\n\n<figure class=\"wp-block-image size-large\"><img loading=\"lazy\" decoding=\"async\" width=\"629\" height=\"463\" data-id=\"186\" src=\"https:\/\/kardessanboya.com.tr\/wp-content\/uploads\/2023\/10\/Maxthon-Yakalama20231021181442.png\" alt=\"\" class=\"wp-image-186\" srcset=\"https:\/\/kardessanboya.com.tr\/wp-content\/uploads\/2023\/10\/Maxthon-Yakalama20231021181442.png 629w, https:\/\/kardessanboya.com.tr\/wp-content\/uploads\/2023\/10\/Maxthon-Yakalama20231021181442-300x221.png 300w\" sizes=\"auto, (max-width: 629px) 100vw, 629px\" \/><\/figure>\n\n\n\n<figure class=\"wp-block-image size-large\"><img loading=\"lazy\" decoding=\"async\" width=\"360\" height=\"531\" data-id=\"187\" src=\"https:\/\/kardessanboya.com.tr\/wp-content\/uploads\/2023\/10\/Maxthon-Yakalama20231021181503.png\" alt=\"\" class=\"wp-image-187\" srcset=\"https:\/\/kardessanboya.com.tr\/wp-content\/uploads\/2023\/10\/Maxthon-Yakalama20231021181503.png 360w, https:\/\/kardessanboya.com.tr\/wp-content\/uploads\/2023\/10\/Maxthon-Yakalama20231021181503-203x300.png 203w\" sizes=\"auto, (max-width: 360px) 100vw, 360px\" \/><\/figure>\n\n\n\n<figure class=\"wp-block-image size-large\"><img loading=\"lazy\" decoding=\"async\" width=\"613\" height=\"461\" data-id=\"188\" src=\"https:\/\/kardessanboya.com.tr\/wp-content\/uploads\/2023\/10\/Maxthon-Yakalama20231021181532.png\" alt=\"\" class=\"wp-image-188\" srcset=\"https:\/\/kardessanboya.com.tr\/wp-content\/uploads\/2023\/10\/Maxthon-Yakalama20231021181532.png 613w, https:\/\/kardessanboya.com.tr\/wp-content\/uploads\/2023\/10\/Maxthon-Yakalama20231021181532-300x226.png 300w\" sizes=\"auto, (max-width: 613px) 100vw, 613px\" \/><\/figure>\n<\/figure>\n\n\n\n<blockquote class=\"wp-block-quote is-layout-flow wp-block-quote-is-layout-flow\">\n<blockquote class=\"wp-block-quote is-layout-flow wp-block-quote-is-layout-flow\">\n<p><q>\u0130lgi alaka s\u00fcper ve \u00f6tesi hele ki Ali Ustam\u0131n Muhabbeti Murat Karde\u015fimin \u0130lgisi Muhte\u015fem \u00d6tesi Hay\u0131rl\u0131 \u0130\u015fler Beyler Bol Kazan\u00e7lar Dilerim Kolay Gelsin.\ud83d\ude4f\ud83d\ude4f\ud83d\ude4f<\/q><\/p>\n<\/blockquote>\n\n\n\n<p>&#8211; Muhsin \u00c7<\/p>\n<\/blockquote>\n\n\n\n<p><\/p>\n","protected":false},"excerpt":{"rendered":"","protected":false},"author":1,"featured_media":0,"parent":0,"menu_order":0,"comment_status":"closed","ping_status":"closed","template":"","meta":{"footnotes":""},"class_list":["post-2","page","type-page","status-publish","hentry"],"yoast_head":"<!-- This site is optimized with the Yoast SEO plugin v19.8 - https:\/\/yoast.com\/wordpress\/plugins\/seo\/ -->\n<title>Ayd\u0131nlatma \u00dcr\u00fcnlerimiz - Karde\u015fsan Elektrostatik Boya<\/title>\n<meta name=\"robots\" content=\"index, follow, max-snippet:-1, max-image-preview:large, max-video-preview:-1\" \/>\n<link rel=\"canonical\" href=\"https:\/\/kardessanboya.com.tr\/index.php\/sample-page\/\" \/>\n<meta property=\"og:locale\" content=\"tr_TR\" \/>\n<meta property=\"og:type\" content=\"article\" \/>\n<meta property=\"og:title\" content=\"Ayd\u0131nlatma \u00dcr\u00fcnlerimiz - Karde\u015fsan Elektrostatik Boya\" \/>\n<meta property=\"og:url\" content=\"https:\/\/kardessanboya.com.tr\/index.php\/sample-page\/\" \/>\n<meta property=\"og:site_name\" content=\"Karde\u015fsan Elektrostatik Boya\" \/>\n<meta property=\"article:modified_time\" content=\"2023-10-21T15:22:25+00:00\" \/>\n<meta property=\"og:image\" content=\"https:\/\/kardessanboya.com.tr\/wp-content\/uploads\/2023\/10\/Maxthon-Yakalama20231021181303.png\" \/>\n<meta name=\"twitter:card\" content=\"summary_large_image\" \/>\n<script type=\"application\/ld+json\" class=\"yoast-schema-graph\">{\"@context\":\"https:\/\/schema.org\",\"@graph\":[{\"@type\":\"WebPage\",\"@id\":\"https:\/\/kardessanboya.com.tr\/index.php\/sample-page\/\",\"url\":\"https:\/\/kardessanboya.com.tr\/index.php\/sample-page\/\",\"name\":\"Ayd\u0131nlatma \u00dcr\u00fcnlerimiz - Karde\u015fsan Elektrostatik Boya\",\"isPartOf\":{\"@id\":\"https:\/\/kardessanboya.com.tr\/#website\"},\"datePublished\":\"2022-10-05T20:51:19+00:00\",\"dateModified\":\"2023-10-21T15:22:25+00:00\",\"breadcrumb\":{\"@id\":\"https:\/\/kardessanboya.com.tr\/index.php\/sample-page\/#breadcrumb\"},\"inLanguage\":\"tr\",\"potentialAction\":[{\"@type\":\"ReadAction\",\"target\":[\"https:\/\/kardessanboya.com.tr\/index.php\/sample-page\/\"]}]},{\"@type\":\"BreadcrumbList\",\"@id\":\"https:\/\/kardessanboya.com.tr\/index.php\/sample-page\/#breadcrumb\",\"itemListElement\":[{\"@type\":\"ListItem\",\"position\":1,\"name\":\"Anasayfa\",\"item\":\"https:\/\/kardessanboya.com.tr\/\"},{\"@type\":\"ListItem\",\"position\":2,\"name\":\"Ayd\u0131nlatma \u00dcr\u00fcnlerimiz\"}]},{\"@type\":\"WebSite\",\"@id\":\"https:\/\/kardessanboya.com.tr\/#website\",\"url\":\"https:\/\/kardessanboya.com.tr\/\",\"name\":\"Karde\u015fsan Elektrostatik Boya\",\"description\":\"Boyahane\",\"publisher\":{\"@id\":\"https:\/\/kardessanboya.com.tr\/#organization\"},\"potentialAction\":[{\"@type\":\"SearchAction\",\"target\":{\"@type\":\"EntryPoint\",\"urlTemplate\":\"https:\/\/kardessanboya.com.tr\/?s={search_term_string}\"},\"query-input\":\"required name=search_term_string\"}],\"inLanguage\":\"tr\"},{\"@type\":\"Organization\",\"@id\":\"https:\/\/kardessanboya.com.tr\/#organization\",\"name\":\"Karde\u015fsan Elektrostatik Boya\",\"url\":\"https:\/\/kardessanboya.com.tr\/\",\"sameAs\":[],\"logo\":{\"@type\":\"ImageObject\",\"inLanguage\":\"tr\",\"@id\":\"https:\/\/kardessanboya.com.tr\/#\/schema\/logo\/image\/\",\"url\":\"http:\/\/kardessanboya.com.tr\/wp-content\/uploads\/2022\/10\/Kardessan-1.png\",\"contentUrl\":\"http:\/\/kardessanboya.com.tr\/wp-content\/uploads\/2022\/10\/Kardessan-1.png\",\"width\":135,\"height\":132,\"caption\":\"Karde\u015fsan Elektrostatik Boya\"},\"image\":{\"@id\":\"https:\/\/kardessanboya.com.tr\/#\/schema\/logo\/image\/\"}}]}<\/script>\n<!-- \/ Yoast SEO plugin. -->","yoast_head_json":{"title":"Ayd\u0131nlatma \u00dcr\u00fcnlerimiz - Karde\u015fsan Elektrostatik Boya","robots":{"index":"index","follow":"follow","max-snippet":"max-snippet:-1","max-image-preview":"max-image-preview:large","max-video-preview":"max-video-preview:-1"},"canonical":"https:\/\/kardessanboya.com.tr\/index.php\/sample-page\/","og_locale":"tr_TR","og_type":"article","og_title":"Ayd\u0131nlatma \u00dcr\u00fcnlerimiz - Karde\u015fsan Elektrostatik Boya","og_url":"https:\/\/kardessanboya.com.tr\/index.php\/sample-page\/","og_site_name":"Karde\u015fsan Elektrostatik Boya","article_modified_time":"2023-10-21T15:22:25+00:00","og_image":[{"url":"https:\/\/kardessanboya.com.tr\/wp-content\/uploads\/2023\/10\/Maxthon-Yakalama20231021181303.png"}],"twitter_card":"summary_large_image","schema":{"@context":"https:\/\/schema.org","@graph":[{"@type":"WebPage","@id":"https:\/\/kardessanboya.com.tr\/index.php\/sample-page\/","url":"https:\/\/kardessanboya.com.tr\/index.php\/sample-page\/","name":"Ayd\u0131nlatma \u00dcr\u00fcnlerimiz - Karde\u015fsan Elektrostatik Boya","isPartOf":{"@id":"https:\/\/kardessanboya.com.tr\/#website"},"datePublished":"2022-10-05T20:51:19+00:00","dateModified":"2023-10-21T15:22:25+00:00","breadcrumb":{"@id":"https:\/\/kardessanboya.com.tr\/index.php\/sample-page\/#breadcrumb"},"inLanguage":"tr","potentialAction":[{"@type":"ReadAction","target":["https:\/\/kardessanboya.com.tr\/index.php\/sample-page\/"]}]},{"@type":"BreadcrumbList","@id":"https:\/\/kardessanboya.com.tr\/index.php\/sample-page\/#breadcrumb","itemListElement":[{"@type":"ListItem","position":1,"name":"Anasayfa","item":"https:\/\/kardessanboya.com.tr\/"},{"@type":"ListItem","position":2,"name":"Ayd\u0131nlatma \u00dcr\u00fcnlerimiz"}]},{"@type":"WebSite","@id":"https:\/\/kardessanboya.com.tr\/#website","url":"https:\/\/kardessanboya.com.tr\/","name":"Karde\u015fsan Elektrostatik Boya","description":"Boyahane","publisher":{"@id":"https:\/\/kardessanboya.com.tr\/#organization"},"potentialAction":[{"@type":"SearchAction","target":{"@type":"EntryPoint","urlTemplate":"https:\/\/kardessanboya.com.tr\/?s={search_term_string}"},"query-input":"required name=search_term_string"}],"inLanguage":"tr"},{"@type":"Organization","@id":"https:\/\/kardessanboya.com.tr\/#organization","name":"Karde\u015fsan Elektrostatik Boya","url":"https:\/\/kardessanboya.com.tr\/","sameAs":[],"logo":{"@type":"ImageObject","inLanguage":"tr","@id":"https:\/\/kardessanboya.com.tr\/#\/schema\/logo\/image\/","url":"http:\/\/kardessanboya.com.tr\/wp-content\/uploads\/2022\/10\/Kardessan-1.png","contentUrl":"http:\/\/kardessanboya.com.tr\/wp-content\/uploads\/2022\/10\/Kardessan-1.png","width":135,"height":132,"caption":"Karde\u015fsan Elektrostatik Boya"},"image":{"@id":"https:\/\/kardessanboya.com.tr\/#\/schema\/logo\/image\/"}}]}},"_links":{"self":[{"href":"https:\/\/kardessanboya.com.tr\/index.php\/wp-json\/wp\/v2\/pages\/2","targetHints":{"allow":["GET"]}}],"collection":[{"href":"https:\/\/kardessanboya.com.tr\/index.php\/wp-json\/wp\/v2\/pages"}],"about":[{"href":"https:\/\/kardessanboya.com.tr\/index.php\/wp-json\/wp\/v2\/types\/page"}],"author":[{"embeddable":true,"href":"https:\/\/kardessanboya.com.tr\/index.php\/wp-json\/wp\/v2\/users\/1"}],"replies":[{"embeddable":true,"href":"https:\/\/kardessanboya.com.tr\/index.php\/wp-json\/wp\/v2\/comments?post=2"}],"version-history":[{"count":4,"href":"https:\/\/kardessanboya.com.tr\/index.php\/wp-json\/wp\/v2\/pages\/2\/revisions"}],"predecessor-version":[{"id":191,"href":"https:\/\/kardessanboya.com.tr\/index.php\/wp-json\/wp\/v2\/pages\/2\/revisions\/191"}],"wp:attachment":[{"href":"https:\/\/kardessanboya.com.tr\/index.php\/wp-json\/wp\/v2\/media?parent=2"}],"curies":[{"name":"wp","href":"https:\/\/api.w.org\/{rel}","templated":true}]}}